{"id":150,"date":"2016-08-13T05:16:36","date_gmt":"2016-08-13T05:16:36","guid":{"rendered":"https:\/\/212.51.210.187\/wordpress\/event\/?page_id=150"},"modified":"2023-06-29T13:45:18","modified_gmt":"2023-06-29T11:45:18","slug":"promotions-and-product-launches","status":"publish","type":"page","link":"https:\/\/onpp.p.lodz.pl\/?page_id=150","title":{"rendered":"Op\u0142aty"},"content":{"rendered":"\n<p>Op\u0142ata za udzia\u0142 w Seminarium \u2013 <strong>250 PLN<\/strong> (nie obejmuje koszt\u00f3w noclegu)<\/p>\n\n\n\n<p>W\u0142a\u015bciciel konta: Politechnika \u0141\u00f3dzka &#8211; Biblioteka<br>Nr konta: 67 1240 3028 1111 0010 5789 8976<\/p>\n\n\n\n<p>Bank Pekao S.A.<br>II O. w \u0141odzi<br>ul. Piotrkowska 288<br>93-034 \u0141\u00f3d\u017a<\/p>\n\n\n\n<p>W tytule przelewu prosimy poda\u0107:<br>Op\u0142ata za udzia\u0142 w Seminarium ONPP \u2013 <em>imi\u0119 i nazwisko Uczestnika<\/em><\/p>\n\n\n\n<p><strong>P\u0142atno\u015bci nale\u017cy dokona\u0107 do dnia 31 sierpnia 2023 r.<\/strong><\/p>\n","protected":false},"excerpt":{"rendered":"<p>\t\t\t\t<![CDATA[]]>\t\t<\/p>\n","protected":false},"author":1,"featured_media":0,"parent":357,"menu_order":0,"comment_status":"closed","ping_status":"closed","template":"","meta":{"footnotes":""},"class_list":["post-150","page","type-page","status-publish","hentry"],"_links":{"self":[{"href":"https:\/\/onpp.p.lodz.pl\/index.php?rest_route=\/wp\/v2\/pages\/150","targetHints":{"allow":["GET"]}}],"collection":[{"href":"https:\/\/onpp.p.lodz.pl\/index.php?rest_route=\/wp\/v2\/pages"}],"about":[{"href":"https:\/\/onpp.p.lodz.pl\/index.php?rest_route=\/wp\/v2\/types\/page"}],"author":[{"embeddable":true,"href":"https:\/\/onpp.p.lodz.pl\/index.php?rest_route=\/wp\/v2\/users\/1"}],"replies":[{"embeddable":true,"href":"https:\/\/onpp.p.lodz.pl\/index.php?rest_route=%2Fwp%2Fv2%2Fcomments&post=150"}],"version-history":[{"count":8,"href":"https:\/\/onpp.p.lodz.pl\/index.php?rest_route=\/wp\/v2\/pages\/150\/revisions"}],"predecessor-version":[{"id":3636,"href":"https:\/\/onpp.p.lodz.pl\/index.php?rest_route=\/wp\/v2\/pages\/150\/revisions\/3636"}],"up":[{"embeddable":true,"href":"https:\/\/onpp.p.lodz.pl\/index.php?rest_route=\/wp\/v2\/pages\/357"}],"wp:attachment":[{"href":"https:\/\/onpp.p.lodz.pl\/index.php?rest_route=%2Fwp%2Fv2%2Fmedia&parent=150"}],"curies":[{"name":"wp","href":"https:\/\/api.w.org\/{rel}","templated":true}]}}