{"id":168,"date":"2016-08-13T06:26:02","date_gmt":"2016-08-13T06:26:02","guid":{"rendered":"https:\/\/212.51.210.187\/wordpress\/event\/?page_id=168"},"modified":"2023-09-27T12:44:28","modified_gmt":"2023-09-27T10:44:28","slug":"augue-eleifend-libero","status":"publish","type":"page","link":"https:\/\/onpp.p.lodz.pl\/?page_id=168","title":{"rendered":"Lokalizacja Seminarium"},"content":{"rendered":"\n<h3 class=\"wp-block-heading\"><strong>Obrady plenarne:<\/strong><\/h3>\n\n\n\n<h5 class=\"wp-block-heading\">Centrum Szkoleniowo-Konferencyjne Uniwersytetu \u0141\u00f3dzkiego<br>\u0141\u00f3d\u017a, ul. S. Kopci\u0144skiego 16\/18<\/h5>\n\n\n\n<div class=\"wp-block-media-text alignwide is-stacked-on-mobile\"><figure class=\"wp-block-media-text__media\"><img loading=\"lazy\" decoding=\"async\" width=\"300\" height=\"200\" src=\"https:\/\/onpp.p.lodz.pl\/wp-content\/uploads\/2023\/06\/1-300x200.webp\" alt=\"\" class=\"wp-image-3515 size-medium\" srcset=\"https:\/\/onpp.p.lodz.pl\/wp-content\/uploads\/2023\/06\/1-300x200.webp 300w, https:\/\/onpp.p.lodz.pl\/wp-content\/uploads\/2023\/06\/1-1024x683.webp 1024w, https:\/\/onpp.p.lodz.pl\/wp-content\/uploads\/2023\/06\/1-768x512.webp 768w, https:\/\/onpp.p.lodz.pl\/wp-content\/uploads\/2023\/06\/1.webp 1200w\" sizes=\"auto, (max-width: 300px) 100vw, 300px\" \/><\/figure><div class=\"wp-block-media-text__content\">\n<iframe src=\"https:\/\/www.google.com\/maps\/embed?pb=!1m18!1m12!1m3!1d2468.6843321636247!2d19.480059212775!3d51.77537777175814!2m3!1f0!2f0!3f0!3m2!1i1024!2i768!4f13.1!3m3!1m2!1s0x471bcb3b148382ff%3A0x208bd0295b389b8b!2sUniwersytet%20%C5%81%C3%B3dzki%20-%20Centrum%20Szkoleniowo-Konferencyjne!5e0!3m2!1spl!2spl!4v1686171393263!5m2!1spl!2spl\" width=\"600\" height=\"250\" style=\"border:0;\" allowfullscreen=\"\" loading=\"lazy\" referrerpolicy=\"no-referrer-when-downgrade\"><\/iframe>\n<\/div><\/div>\n\n\n\n<div style=\"height:25px\" aria-hidden=\"true\" class=\"wp-block-spacer\"><\/div>\n\n\n\n<h3 class=\"wp-block-heading\"><strong>Warsztaty:<\/strong><\/h3>\n\n\n\n<h5 class=\"wp-block-heading\">Biblioteka Uniwersytetu \u0141\u00f3dzkiego<br>\u0141\u00f3d\u017a, ul. J. Matejki 32\/38<br>Strefa Coworkingowa<\/h5>\n\n\n\n<div class=\"wp-block-media-text alignwide is-stacked-on-mobile\"><figure class=\"wp-block-media-text__media\"><img loading=\"lazy\" decoding=\"async\" width=\"300\" height=\"200\" src=\"https:\/\/onpp.p.lodz.pl\/wp-content\/uploads\/2023\/06\/csm_4167979fce24ba2b1c74b13552727dc0_dab727887e-300x200.webp\" alt=\"\" class=\"wp-image-3475 size-medium\" srcset=\"https:\/\/onpp.p.lodz.pl\/wp-content\/uploads\/2023\/06\/csm_4167979fce24ba2b1c74b13552727dc0_dab727887e-300x200.webp 300w, https:\/\/onpp.p.lodz.pl\/wp-content\/uploads\/2023\/06\/csm_4167979fce24ba2b1c74b13552727dc0_dab727887e-1024x683.webp 1024w, https:\/\/onpp.p.lodz.pl\/wp-content\/uploads\/2023\/06\/csm_4167979fce24ba2b1c74b13552727dc0_dab727887e-768x512.webp 768w, https:\/\/onpp.p.lodz.pl\/wp-content\/uploads\/2023\/06\/csm_4167979fce24ba2b1c74b13552727dc0_dab727887e.webp 1200w\" sizes=\"auto, (max-width: 300px) 100vw, 300px\" \/><\/figure><div class=\"wp-block-media-text__content\">\n<iframe src=\"https:\/\/www.google.com\/maps\/embed?pb=!1m18!1m12!1m3!1d2468.723932909813!2d19.484270477802568!3d51.774653871875344!2m3!1f0!2f0!3f0!3m2!1i1024!2i768!4f13.1!3m3!1m2!1s0x471bcb3bc052ccbf%3A0x46118a2e826e0567!2sBiblioteka%20U%C5%81!5e0!3m2!1spl!2spl!4v1685964017421!5m2!1spl!2spl\" width=\"600\" height=\"250\" style=\"border:0;\" allowfullscreen=\"\" loading=\"lazy\" referrerpolicy=\"no-referrer-when-downgrade\"><\/iframe>\n<\/div><\/div>\n\n\n\n<div style=\"height:1em\" aria-hidden=\"true\" class=\"wp-block-spacer\"><\/div>\n\n\n\n<h5 class=\"wp-block-heading\">Sale szkoleniowe<\/h5>\n\n\n\n<div class=\"wp-block-media-text alignwide is-stacked-on-mobile\"><figure class=\"wp-block-media-text__media\"><img loading=\"lazy\" decoding=\"async\" width=\"300\" height=\"225\" src=\"https:\/\/onpp.p.lodz.pl\/wp-content\/uploads\/2023\/06\/2-300x225.jpg\" alt=\"\" class=\"wp-image-3532 size-medium\" srcset=\"https:\/\/onpp.p.lodz.pl\/wp-content\/uploads\/2023\/06\/2-300x225.jpg 300w, https:\/\/onpp.p.lodz.pl\/wp-content\/uploads\/2023\/06\/2-1024x768.jpg 1024w, https:\/\/onpp.p.lodz.pl\/wp-content\/uploads\/2023\/06\/2-768x576.jpg 768w, https:\/\/onpp.p.lodz.pl\/wp-content\/uploads\/2023\/06\/2-1536x1152.jpg 1536w, https:\/\/onpp.p.lodz.pl\/wp-content\/uploads\/2023\/06\/2.jpg 2000w\" sizes=\"auto, (max-width: 300px) 100vw, 300px\" \/><\/figure><div class=\"wp-block-media-text__content\">\n<iframe src=\"https:\/\/www.google.com\/maps\/embed?pb=!1m18!1m12!1m3!1d2468.723932909813!2d19.484270477802568!3d51.774653871875344!2m3!1f0!2f0!3f0!3m2!1i1024!2i768!4f13.1!3m3!1m2!1s0x471bcb3bc052ccbf%3A0x46118a2e826e0567!2sBiblioteka%20U%C5%81!5e0!3m2!1spl!2spl!4v1685964017421!5m2!1spl!2spl\" width=\"600\" height=\"250\" style=\"border:0;\" allowfullscreen=\"\" loading=\"lazy\" referrerpolicy=\"no-referrer-when-downgrade\"><\/iframe>\n<\/div><\/div>\n\n\n\n<div style=\"height:3em\" aria-hidden=\"true\" class=\"wp-block-spacer\"><\/div>\n\n\n\n<h5 class=\"wp-block-heading\">Centrum Informacyjno-Biblioteczne Uniwersytetu Medycznego w \u0141odzi<br>\u0141\u00f3d\u017a, ul. J. Muszy\u0144skiego 2<\/h5>\n\n\n\n<div class=\"wp-block-media-text alignwide is-stacked-on-mobile\"><figure class=\"wp-block-media-text__media\"><img loading=\"lazy\" decoding=\"async\" width=\"300\" height=\"200\" src=\"https:\/\/onpp.p.lodz.pl\/wp-content\/uploads\/2023\/06\/4-300x200.jpg\" alt=\"\" class=\"wp-image-3538 size-medium\" srcset=\"https:\/\/onpp.p.lodz.pl\/wp-content\/uploads\/2023\/06\/4-300x200.jpg 300w, https:\/\/onpp.p.lodz.pl\/wp-content\/uploads\/2023\/06\/4-1024x683.jpg 1024w, https:\/\/onpp.p.lodz.pl\/wp-content\/uploads\/2023\/06\/4-768x512.jpg 768w, https:\/\/onpp.p.lodz.pl\/wp-content\/uploads\/2023\/06\/4-1536x1024.jpg 1536w, https:\/\/onpp.p.lodz.pl\/wp-content\/uploads\/2023\/06\/4.jpg 2046w\" sizes=\"auto, (max-width: 300px) 100vw, 300px\" \/><\/figure><div class=\"wp-block-media-text__content\">\n<iframe src=\"https:\/\/www.google.com\/maps\/embed?pb=!1m14!1m8!1m3!1d982.3757599246127!2d19.490985620342844!3d51.775159692356326!3m2!1i1024!2i768!4f13.1!3m3!1m2!1s0x471bcb3eccfc831d%3A0xe74024eff2b2ec5e!2sCentrum%20Informacyjno-Biblioteczne%20Uniwersytetu%20Medycznego%20w%20%C5%81odzi!5e0!3m2!1spl!2spl!4v1686569732282!5m2!1spl!2spl\" width=\"600\" height=\"250\" style=\"border:0;\" allowfullscreen=\"\" loading=\"lazy\" referrerpolicy=\"no-referrer-when-downgrade\"><\/iframe>\n<\/div><\/div>\n","protected":false},"excerpt":{"rendered":"<p>\t\t\t\t<![CDATA[]]>\t\t<\/p>\n","protected":false},"author":1,"featured_media":0,"parent":357,"menu_order":0,"comment_status":"closed","ping_status":"closed","template":"","meta":{"footnotes":""},"class_list":["post-168","page","type-page","status-publish","hentry"],"_links":{"self":[{"href":"https:\/\/onpp.p.lodz.pl\/index.php?rest_route=\/wp\/v2\/pages\/168","targetHints":{"allow":["GET"]}}],"collection":[{"href":"https:\/\/onpp.p.lodz.pl\/index.php?rest_route=\/wp\/v2\/pages"}],"about":[{"href":"https:\/\/onpp.p.lodz.pl\/index.php?rest_route=\/wp\/v2\/types\/page"}],"author":[{"embeddable":true,"href":"https:\/\/onpp.p.lodz.pl\/index.php?rest_route=\/wp\/v2\/users\/1"}],"replies":[{"embeddable":true,"href":"https:\/\/onpp.p.lodz.pl\/index.php?rest_route=%2Fwp%2Fv2%2Fcomments&post=168"}],"version-history":[{"count":36,"href":"https:\/\/onpp.p.lodz.pl\/index.php?rest_route=\/wp\/v2\/pages\/168\/revisions"}],"predecessor-version":[{"id":3893,"href":"https:\/\/onpp.p.lodz.pl\/index.php?rest_route=\/wp\/v2\/pages\/168\/revisions\/3893"}],"up":[{"embeddable":true,"href":"https:\/\/onpp.p.lodz.pl\/index.php?rest_route=\/wp\/v2\/pages\/357"}],"wp:attachment":[{"href":"https:\/\/onpp.p.lodz.pl\/index.php?rest_route=%2Fwp%2Fv2%2Fmedia&parent=168"}],"curies":[{"name":"wp","href":"https:\/\/api.w.org\/{rel}","templated":true}]}}