{"id":186,"date":"2016-08-25T09:36:33","date_gmt":"2016-08-25T09:36:33","guid":{"rendered":"https:\/\/212.51.210.187\/wordpress\/event\/?page_id=186"},"modified":"2023-06-14T14:28:25","modified_gmt":"2023-06-14T12:28:25","slug":"contact-us","status":"publish","type":"page","link":"https:\/\/onpp.p.lodz.pl\/?page_id=186","title":{"rendered":"Kontakt"},"content":{"rendered":"<p><strong>Pytania zwi\u0105zane z organizacj\u0105 Seminarium prosz\u0119 kierowa\u0107 na adres:<\/strong><br \/>\nonpp@info.p.lodz.pl<\/p>\n<p>mgr Agnieszka Sobolewska<br \/>\n+48 42 631 20 57<\/p>\n<p>dr Iwona S\u00f3jkowska<br \/>\n+48 42 631 20 65<\/p>\n<p><strong>Kontakt drog\u0105 pocztow\u0105:<\/strong><br \/>\nBiblioteka Politechniki \u0141\u00f3dzkiej, Budynek B22<br \/>\nW\u00f3lcza\u0144ska 223, 93-005 \u0141\u00f3d\u017a<\/p>\n","protected":false},"excerpt":{"rendered":"<p>\t\t\t\t<![CDATA[]]>\t\t<\/p>\n","protected":false},"author":1,"featured_media":0,"parent":357,"menu_order":0,"comment_status":"closed","ping_status":"closed","template":"","meta":{"footnotes":""},"class_list":["post-186","page","type-page","status-publish","hentry"],"_links":{"self":[{"href":"https:\/\/onpp.p.lodz.pl\/index.php?rest_route=\/wp\/v2\/pages\/186","targetHints":{"allow":["GET"]}}],"collection":[{"href":"https:\/\/onpp.p.lodz.pl\/index.php?rest_route=\/wp\/v2\/pages"}],"about":[{"href":"https:\/\/onpp.p.lodz.pl\/index.php?rest_route=\/wp\/v2\/types\/page"}],"author":[{"embeddable":true,"href":"https:\/\/onpp.p.lodz.pl\/index.php?rest_route=\/wp\/v2\/users\/1"}],"replies":[{"embeddable":true,"href":"https:\/\/onpp.p.lodz.pl\/index.php?rest_route=%2Fwp%2Fv2%2Fcomments&post=186"}],"version-history":[{"count":11,"href":"https:\/\/onpp.p.lodz.pl\/index.php?rest_route=\/wp\/v2\/pages\/186\/revisions"}],"predecessor-version":[{"id":3576,"href":"https:\/\/onpp.p.lodz.pl\/index.php?rest_route=\/wp\/v2\/pages\/186\/revisions\/3576"}],"up":[{"embeddable":true,"href":"https:\/\/onpp.p.lodz.pl\/index.php?rest_route=\/wp\/v2\/pages\/357"}],"wp:attachment":[{"href":"https:\/\/onpp.p.lodz.pl\/index.php?rest_route=%2Fwp%2Fv2%2Fmedia&parent=186"}],"curies":[{"name":"wp","href":"https:\/\/api.w.org\/{rel}","templated":true}]}}