{"id":209,"date":"2016-08-26T15:54:14","date_gmt":"2016-08-26T15:54:14","guid":{"rendered":"https:\/\/212.51.210.187\/wordpress\/event\/cart\/"},"modified":"2023-10-05T12:45:24","modified_gmt":"2023-10-05T10:45:24","slug":"cart","status":"publish","type":"page","link":"https:\/\/onpp.p.lodz.pl\/?page_id=209","title":{"rendered":"Organizatorzy"},"content":{"rendered":"\n<div class=\"wp-block-columns is-layout-flex wp-container-core-columns-is-layout-9d6595d7 wp-block-columns-is-layout-flex\">\n<div class=\"wp-block-column is-vertically-aligned-center is-layout-flow wp-block-column-is-layout-flow\" style=\"flex-basis:50%\">\n<p><strong><a href=\"http:\/\/bg.p.lodz.pl\">Biblioteka Politechniki \u0141\u00f3dzkiej<\/a><\/strong><\/p>\n<\/div>\n\n\n\n<div class=\"wp-block-column is-vertically-aligned-bottom is-layout-flow wp-block-column-is-layout-flow\" style=\"flex-basis:50%\"><div class=\"wp-block-image\">\n<figure class=\"alignleft size-full is-resized\"><img loading=\"lazy\" decoding=\"async\" src=\"http:\/\/onpp.p.lodz.pl\/wp-content\/uploads\/2019\/03\/logo-BPL.png\" alt=\"\" class=\"wp-image-2089\" style=\"width:100px;height:100px\" width=\"100\" height=\"100\"\/><\/figure>\n<\/div><\/div>\n<\/div>\n\n\n\n<div class=\"wp-block-columns is-layout-flex wp-container-core-columns-is-layout-9d6595d7 wp-block-columns-is-layout-flex\">\n<div class=\"wp-block-column is-vertically-aligned-center is-layout-flow wp-block-column-is-layout-flow\" style=\"flex-basis:50%\">\n<p><strong><a href=\"https:\/\/www.lib.uni.lodz.pl\/\" data-type=\"URL\" data-id=\"https:\/\/www.lib.uni.lodz.pl\/\">Biblioteka Uniwersytetu \u0141\u00f3dzkiego<\/a><\/strong><\/p>\n<\/div>\n\n\n\n<div class=\"wp-block-column is-vertically-aligned-center is-layout-flow wp-block-column-is-layout-flow\" style=\"flex-basis:50%\"><div class=\"wp-block-image\">\n<figure class=\"alignleft size-full is-resized\"><img loading=\"lazy\" decoding=\"async\" src=\"http:\/\/onpp.p.lodz.pl\/wp-content\/uploads\/2018\/10\/bu\u0142-1.jpg\" alt=\"\" class=\"wp-image-527\" style=\"width:150px;height:67px\" width=\"150\" height=\"67\"\/><figcaption class=\"wp-element-caption\">\t<\/figcaption><\/figure>\n<\/div><\/div>\n<\/div>\n\n\n\n<div class=\"wp-block-columns is-not-stacked-on-mobile is-layout-flex wp-container-core-columns-is-layout-9d6595d7 wp-block-columns-is-layout-flex\">\n<div class=\"wp-block-column is-vertically-aligned-bottom is-layout-flow wp-block-column-is-layout-flow\" style=\"flex-basis:50%\">\n<p><strong><a href=\"https:\/\/cib.umed.pl\/\" data-type=\"URL\" data-id=\"https:\/\/cib.umed.pl\/\">Centrum Informacyjno-Biblioteczne UMED w \u0141odzi<\/a><\/strong><\/p>\n<\/div>\n\n\n\n<div class=\"wp-block-column is-layout-flow wp-block-column-is-layout-flow\" style=\"flex-basis:50%\">\n<figure class=\"wp-block-image size-large\"><img loading=\"lazy\" decoding=\"async\" width=\"1024\" height=\"201\" src=\"https:\/\/onpp.p.lodz.pl\/wp-content\/uploads\/2023\/05\/CIB_PL__RGB-1024x201.jpg\" alt=\"\" class=\"wp-image-3408\" srcset=\"https:\/\/onpp.p.lodz.pl\/wp-content\/uploads\/2023\/05\/CIB_PL__RGB-1024x201.jpg 1024w, https:\/\/onpp.p.lodz.pl\/wp-content\/uploads\/2023\/05\/CIB_PL__RGB-300x59.jpg 300w, https:\/\/onpp.p.lodz.pl\/wp-content\/uploads\/2023\/05\/CIB_PL__RGB-768x151.jpg 768w, https:\/\/onpp.p.lodz.pl\/wp-content\/uploads\/2023\/05\/CIB_PL__RGB-1536x301.jpg 1536w, https:\/\/onpp.p.lodz.pl\/wp-content\/uploads\/2023\/05\/CIB_PL__RGB-2048x402.jpg 2048w\" sizes=\"auto, (max-width: 1024px) 100vw, 1024px\" \/><\/figure>\n<\/div>\n<\/div>\n\n\n\n<div class=\"wp-block-columns is-not-stacked-on-mobile is-layout-flex wp-container-core-columns-is-layout-9d6595d7 wp-block-columns-is-layout-flex\">\n<div class=\"wp-block-column is-vertically-aligned-center is-layout-flow wp-block-column-is-layout-flow\">\n<p><strong><a href=\"https:\/\/www.elsevier.com\/\">Elsevier<\/a><\/strong><\/p>\n<\/div>\n\n\n\n<div class=\"wp-block-column is-vertically-aligned-center is-layout-flow wp-block-column-is-layout-flow\" style=\"flex-basis:50%\"><div class=\"wp-block-image\">\n<figure class=\"alignleft size-full is-resized\"><img loading=\"lazy\" decoding=\"async\" src=\"http:\/\/onpp.p.lodz.pl\/wp-content\/uploads\/2019\/04\/logo-elsevier.png\" alt=\"\" class=\"wp-image-2400\" style=\"width:100px;height:110px\" width=\"100\" height=\"110\"\/><\/figure>\n<\/div><\/div>\n<\/div>\n\n\n\n<p><\/p>\n\n\n\n<h2 class=\"wp-block-heading\">Partnerzy Wydarzenia<\/h2>\n\n\n\n<div class=\"wp-block-columns is-layout-flex wp-container-core-columns-is-layout-9d6595d7 wp-block-columns-is-layout-flex\">\n<div class=\"wp-block-column is-layout-flow wp-block-column-is-layout-flow\">\n<p><strong><a href=\"https:\/\/ec1lodz.pl\/\">EC1 \u0141\u00f3d\u017a &#8211; Miasto Kultury<\/a><\/strong><\/p>\n<\/div>\n\n\n\n<div class=\"wp-block-column is-layout-flow wp-block-column-is-layout-flow\"><\/div>\n<\/div>\n\n\n\n<div class=\"wp-block-columns is-layout-flex wp-container-core-columns-is-layout-9d6595d7 wp-block-columns-is-layout-flex\">\n<div class=\"wp-block-column is-vertically-aligned-center is-layout-flow wp-block-column-is-layout-flow\">\n<p><a href=\"https:\/\/fumed.pl\"><strong>FUMED<\/strong><\/a><\/p>\n<\/div>\n\n\n\n<div class=\"wp-block-column is-layout-flow wp-block-column-is-layout-flow\">\n<figure class=\"wp-block-image size-thumbnail\"><img loading=\"lazy\" decoding=\"async\" width=\"150\" height=\"150\" src=\"https:\/\/onpp.p.lodz.pl\/wp-content\/uploads\/2023\/09\/fumed_logo-150x150.jpg\" alt=\"\" class=\"wp-image-3882\" srcset=\"https:\/\/onpp.p.lodz.pl\/wp-content\/uploads\/2023\/09\/fumed_logo-150x150.jpg 150w, https:\/\/onpp.p.lodz.pl\/wp-content\/uploads\/2023\/09\/fumed_logo-300x300.jpg 300w, https:\/\/onpp.p.lodz.pl\/wp-content\/uploads\/2023\/09\/fumed_logo.jpg 500w\" sizes=\"auto, (max-width: 150px) 100vw, 150px\" \/><\/figure>\n<\/div>\n<\/div>\n\n\n\n<div class=\"wp-block-columns is-layout-flex wp-container-core-columns-is-layout-9d6595d7 wp-block-columns-is-layout-flex\">\n<div class=\"wp-block-column is-vertically-aligned-center is-layout-flow wp-block-column-is-layout-flow\">\n<p><a href=\"https:\/\/pcgacademia.pl\/\"><strong>PCG Academia<\/strong><\/a><\/p>\n<\/div>\n\n\n\n<div class=\"wp-block-column is-layout-flow wp-block-column-is-layout-flow\">\n<figure class=\"wp-block-image size-medium is-resized\"><img decoding=\"async\" src=\"https:\/\/onpp.p.lodz.pl\/wp-content\/uploads\/2023\/09\/logo-pcg-academia@2x-300x63.png\" alt=\"\" class=\"wp-image-3884\" style=\"width:180px\" width=\"180\" srcset=\"https:\/\/onpp.p.lodz.pl\/wp-content\/uploads\/2023\/09\/logo-pcg-academia@2x-300x63.png 300w, https:\/\/onpp.p.lodz.pl\/wp-content\/uploads\/2023\/09\/logo-pcg-academia@2x.png 381w\" sizes=\"(max-width: 300px) 100vw, 300px\" \/><\/figure>\n<\/div>\n<\/div>\n\n\n\n<p><\/p>\n\n\n\n<div class=\"wp-block-columns is-layout-flex wp-container-core-columns-is-layout-9d6595d7 wp-block-columns-is-layout-flex\">\n<div class=\"wp-block-column is-vertically-aligned-center is-layout-flow wp-block-column-is-layout-flow\">\n<p><a href=\"https:\/\/www.frse.org.pl\/\"><strong>Fundacja Rozwoju Systemu Edukacji<\/strong><\/a><\/p>\n<\/div>\n\n\n\n<div class=\"wp-block-column is-layout-flow wp-block-column-is-layout-flow\" style=\"flex-basis:25%\">\n<figure class=\"wp-block-image size-full\"><img loading=\"lazy\" decoding=\"async\" width=\"130\" height=\"45\" src=\"https:\/\/onpp.p.lodz.pl\/wp-content\/uploads\/2023\/09\/main_logo2.png\" alt=\"\" class=\"wp-image-3886\"\/><\/figure>\n<\/div>\n\n\n\n<div class=\"wp-block-column is-layout-flow wp-block-column-is-layout-flow\" style=\"flex-basis:25%\">\n<figure class=\"wp-block-image size-large\"><img loading=\"lazy\" decoding=\"async\" width=\"1024\" height=\"137\" src=\"https:\/\/onpp.p.lodz.pl\/wp-content\/uploads\/2023\/10\/HUB-logo-ogolneFRSE-1024x137.png\" alt=\"\" class=\"wp-image-3922\" srcset=\"https:\/\/onpp.p.lodz.pl\/wp-content\/uploads\/2023\/10\/HUB-logo-ogolneFRSE-1024x137.png 1024w, https:\/\/onpp.p.lodz.pl\/wp-content\/uploads\/2023\/10\/HUB-logo-ogolneFRSE-300x40.png 300w, https:\/\/onpp.p.lodz.pl\/wp-content\/uploads\/2023\/10\/HUB-logo-ogolneFRSE-768x103.png 768w, https:\/\/onpp.p.lodz.pl\/wp-content\/uploads\/2023\/10\/HUB-logo-ogolneFRSE-1536x206.png 1536w, https:\/\/onpp.p.lodz.pl\/wp-content\/uploads\/2023\/10\/HUB-logo-ogolneFRSE.png 1759w\" sizes=\"auto, (max-width: 1024px) 100vw, 1024px\" \/><\/figure>\n<\/div>\n<\/div>\n","protected":false},"excerpt":{"rendered":"<p>\t\t\t\t<![CDATA[]]>\t\t<\/p>\n","protected":false},"author":1,"featured_media":0,"parent":357,"menu_order":0,"comment_status":"closed","ping_status":"closed","template":"","meta":{"footnotes":""},"class_list":["post-209","page","type-page","status-publish","hentry"],"_links":{"self":[{"href":"https:\/\/onpp.p.lodz.pl\/index.php?rest_route=\/wp\/v2\/pages\/209","targetHints":{"allow":["GET"]}}],"collection":[{"href":"https:\/\/onpp.p.lodz.pl\/index.php?rest_route=\/wp\/v2\/pages"}],"about":[{"href":"https:\/\/onpp.p.lodz.pl\/index.php?rest_route=\/wp\/v2\/types\/page"}],"author":[{"embeddable":true,"href":"https:\/\/onpp.p.lodz.pl\/index.php?rest_route=\/wp\/v2\/users\/1"}],"replies":[{"embeddable":true,"href":"https:\/\/onpp.p.lodz.pl\/index.php?rest_route=%2Fwp%2Fv2%2Fcomments&post=209"}],"version-history":[{"count":40,"href":"https:\/\/onpp.p.lodz.pl\/index.php?rest_route=\/wp\/v2\/pages\/209\/revisions"}],"predecessor-version":[{"id":3925,"href":"https:\/\/onpp.p.lodz.pl\/index.php?rest_route=\/wp\/v2\/pages\/209\/revisions\/3925"}],"up":[{"embeddable":true,"href":"https:\/\/onpp.p.lodz.pl\/index.php?rest_route=\/wp\/v2\/pages\/357"}],"wp:attachment":[{"href":"https:\/\/onpp.p.lodz.pl\/index.php?rest_route=%2Fwp%2Fv2%2Fmedia&parent=209"}],"curies":[{"name":"wp","href":"https:\/\/api.w.org\/{rel}","templated":true}]}}