{"id":363,"date":"2016-08-13T05:16:06","date_gmt":"2016-08-13T05:16:06","guid":{"rendered":"https:\/\/212.51.210.187\/wordpress\/event\/?page_id=149"},"modified":"2023-06-12T10:14:48","modified_gmt":"2023-06-12T08:14:48","slug":"innovative-events","status":"publish","type":"page","link":"https:\/\/onpp.p.lodz.pl\/?page_id=363","title":{"rendered":"Zakwaterowanie"},"content":{"rendered":"\n<h3 class=\"wp-block-heading\"><strong>Wybrane hotele w \u0141odzi:<\/strong><\/h3>\n\n\n\n<p><strong>4-gwiazdkowe:<\/strong><\/p>\n\n\n\n<ul class=\"wp-block-list\">\n<li>Hotel Stare Kino \u0141\u00f3d\u017a &#8211; Piotrkowska 120, 90-006 \u0141\u00f3d\u017a &#8211; <a rel=\"noreferrer noopener\" href=\"http:\/\/www.cinemahotel.pl\/\" target=\"_blank\">http:\/\/www.cinemahotel.pl\/<\/a><\/li>\n\n\n\n<li>Novotel &#8211; al. marsz. J\u00f3zefa Pi\u0142sudskiego 11A, 90-368 \u0141\u00f3d\u017a &#8211; <a rel=\"noreferrer noopener\" href=\"https:\/\/all.accor.com\/\" target=\"_blank\">https:\/\/all.accor.com\/<\/a>&nbsp;<\/li>\n\n\n\n<li>Ambasador Premium &#8211; p\u0142k. Jana Kili\u0144skiego 145, 90-315 \u0141\u00f3d\u017a &#8211; <a rel=\"noreferrer noopener\" href=\"http:\/\/www.hotelambasador.eu\/premium\/hotel\" target=\"_blank\">http:\/\/www.hotelambasador.eu\/premium\/hotel<\/a>&nbsp;<\/li>\n\n\n\n<li>Holiday Inn \u0141\u00f3d\u017a &#8211; Piotrkowska 229\/231, 90-456 \u0141\u00f3d\u017a &#8211; <a rel=\"noreferrer noopener\" href=\"http:\/\/hilodz.com\/\" target=\"_blank\">http:\/\/hilodz.com\/<\/a>&nbsp;<\/li>\n<\/ul>\n\n\n\n<p><strong>3-gwiazdkowe<\/strong>:<\/p>\n\n\n\n<ul class=\"wp-block-list\">\n<li>Hampton by Hilton \u0141\u00f3d\u017a City Center &#8211; Piotrkowska 157, 90-440 \u0141\u00f3d\u017a &#8211; &nbsp;<a rel=\"noreferrer noopener\" href=\"https:\/\/www.hilton.com\/en\/hotels\/lcjcchx-hampton-lodz-city-center\/?SEO_id=GMB-EMEA-HX-LCJCCHX\" target=\"_blank\">https:\/\/www.hilton.com\/en\/hotels\/lcjcchx-hampton-lodz-city-center\/<\/a><\/li>\n\n\n\n<li>Qubus Hotel \u0141\u00f3d\u017a &#8211; aleja Adama Mickiewicza 7, 90-443 \u0141\u00f3d\u017a &#8211; <a href=\"https:\/\/www.qubushotel.com\/\" target=\"_blank\" rel=\"noreferrer noopener\">https:\/\/www.qubushotel.com\/<\/a>&nbsp;<\/li>\n\n\n\n<li>Hotel Campanile \u0141\u00f3d\u017a &#8211; al. marsz. J\u00f3zefa Pi\u0142sudskiego 27, 90-307 \u0141\u00f3d\u017a &#8211; <a href=\"https:\/\/lodz.campanile.com\/pl\/\" target=\"_blank\" rel=\"noreferrer noopener\">https:\/\/lodz.campanile.com\/pl\/<\/a>&nbsp;<\/li>\n\n\n\n<li>Villa Masoneria &#8211; Tramwajowa 11, 90-132 \u0141\u00f3d\u017a &#8211; brak strony centralnej<\/li>\n\n\n\n<li>Hotel Boss &#8211; Tatrza\u0144ska 11, 93-115 \u0141\u00f3d\u017a &#8211; <a href=\"https:\/\/www.hotel-boss.pl\/\" target=\"_blank\" rel=\"noreferrer noopener\">https:\/\/www.hotel-boss.pl\/<\/a>&nbsp;<\/li>\n\n\n\n<li>Arche Residence \u0141\u00f3d\u017a &#8211; Jana Matejki 11, 90-237 \u0141\u00f3d\u017a &#8211; <a rel=\"noreferrer noopener\" href=\"https:\/\/www.archeresidencelodz.pl\/\" target=\"_blank\">https:\/\/www.archeresidencelodz.pl\/<\/a><\/li>\n<\/ul>\n\n\n\n<p><strong>2-gwiazdkowe:<\/strong><\/p>\n\n\n\n<ul class=\"wp-block-list\">\n<li>Hotel ibis \u0141\u00f3d\u017a Centrum &#8211; al. marsz. J\u00f3zefa Pi\u0142sudskiego 11, 90-368 \u0141\u00f3d\u017a &#8211; <a rel=\"noreferrer noopener\" href=\"https:\/\/all.accor.com\/\" target=\"_blank\">https:\/\/all.accor.com\/<\/a>&nbsp;<\/li>\n\n\n\n<li>B&amp;B Hotel \u0141\u00f3d\u017a Centrum &#8211; al. Tadeusza Ko\u015bciuszki 16, 90-419 \u0141\u00f3d\u017a &#8211; <a href=\"https:\/\/www.hotel-bb.com\/\" target=\"_blank\" rel=\"noreferrer noopener\">https:\/\/www.hotel-bb.com\/<\/a>&nbsp;<\/li>\n<\/ul>\n\n\n\n<p><strong>Inne:<\/strong><\/p>\n\n\n\n<ul class=\"wp-block-list\">\n<li>Willa Marina Widzew &#8211; ul.Pi\u0142sudskiego 135, 92-319 \u0141\u00f3d\u017a &#8211; <a href=\"https:\/\/pilsudskiego.hotelmarina.com.pl\/\" target=\"_blank\" rel=\"noreferrer noopener\">https:\/\/pilsudskiego.hotelmarina.com.pl\/<\/a>&nbsp;<\/li>\n\n\n\n<li>Citi Hotel&#8217;s \u0141\u00f3d\u017a &#8211; Stanis\u0142awa Przybyszewskiego 99, 93-126 \u0141\u00f3d\u017a &#8211; <a href=\"https:\/\/lodz.citihotels.pl\/\" target=\"_blank\" rel=\"noreferrer noopener\">https:\/\/lodz.citihotels.pl\/<\/a><\/li>\n<\/ul>\n\n\n\n<p><strong>Baza noclegowa w \u0141odzi:<\/strong><\/p>\n\n\n\n<p><a href=\"https:\/\/lodz.travel\/turystyka\/gdzie-spac\/\">https:\/\/lodz.travel\/turystyka\/gdzie-spac\/<\/a><\/p>\n","protected":false},"excerpt":{"rendered":"<p>\t\t\t\t<![CDATA[]]>\t\t<\/p>\n","protected":false},"author":1,"featured_media":0,"parent":357,"menu_order":0,"comment_status":"closed","ping_status":"closed","template":"","meta":{"footnotes":""},"class_list":["post-363","page","type-page","status-publish","hentry"],"_links":{"self":[{"href":"https:\/\/onpp.p.lodz.pl\/index.php?rest_route=\/wp\/v2\/pages\/363","targetHints":{"allow":["GET"]}}],"collection":[{"href":"https:\/\/onpp.p.lodz.pl\/index.php?rest_route=\/wp\/v2\/pages"}],"about":[{"href":"https:\/\/onpp.p.lodz.pl\/index.php?rest_route=\/wp\/v2\/types\/page"}],"author":[{"embeddable":true,"href":"https:\/\/onpp.p.lodz.pl\/index.php?rest_route=\/wp\/v2\/users\/1"}],"replies":[{"embeddable":true,"href":"https:\/\/onpp.p.lodz.pl\/index.php?rest_route=%2Fwp%2Fv2%2Fcomments&post=363"}],"version-history":[{"count":10,"href":"https:\/\/onpp.p.lodz.pl\/index.php?rest_route=\/wp\/v2\/pages\/363\/revisions"}],"predecessor-version":[{"id":3526,"href":"https:\/\/onpp.p.lodz.pl\/index.php?rest_route=\/wp\/v2\/pages\/363\/revisions\/3526"}],"up":[{"embeddable":true,"href":"https:\/\/onpp.p.lodz.pl\/index.php?rest_route=\/wp\/v2\/pages\/357"}],"wp:attachment":[{"href":"https:\/\/onpp.p.lodz.pl\/index.php?rest_route=%2Fwp%2Fv2%2Fmedia&parent=363"}],"curies":[{"name":"wp","href":"https:\/\/api.w.org\/{rel}","templated":true}]}}