{"id":376,"date":"2016-08-13T05:17:47","date_gmt":"2016-08-13T05:17:47","guid":{"rendered":"https:\/\/212.51.210.187\/wordpress\/event\/?page_id=153"},"modified":"2023-08-01T09:34:23","modified_gmt":"2023-08-01T07:34:23","slug":"hotel-or-catering","status":"publish","type":"page","link":"https:\/\/onpp.p.lodz.pl\/?page_id=376","title":{"rendered":"Harmonogram"},"content":{"rendered":"\n<p>31.07 \u2013 ostateczny termin zg\u0142oszenia z 3-minutowym wyst\u0105pieniem (w zale\u017cno\u015bci od liczby zg\u0142osze\u0144 3-minut\u00f3wek, organizatorzy zastrzegaj\u0105 sobie prawo wyboru)<\/p>\n\n\n\n<p>31.08 \u2013 zamkni\u0119cie rejestracji (w przypadku wyczerpania liczby miejsc, organizatorzy zastrzegaj\u0105 sobie prawo do wcze\u015bniejszego zamkni\u0119cie rejestracji)<\/p>\n\n\n\n<p class=\"has-vivid-red-color has-text-color\">W dn. 1.08.2023 r. rejestracja zosta\u0142a zamkni\u0119ta z powodu wyczerpania liczby miejsc.<\/p>\n\n\n\n<p>31.08 \u2013 ostateczny termin wniesienia op\u0142aty za udzia\u0142 w seminarium<\/p>\n\n\n\n<p>po 15 wrze\u015bnia \u2013 przekazanie uczestnikom informacji o zakwalifikowaniu si\u0119 na warsztaty (z uwagi na ograniczony limit miejsc,decyduje kolejno\u015b\u0107 zg\u0142osze\u0144); przekazanie informacji o 3-minutowych wyst\u0105pieniach<\/p>\n","protected":false},"excerpt":{"rendered":"<p>\t\t\t\t<![CDATA[]]>\t\t<\/p>\n","protected":false},"author":1,"featured_media":0,"parent":357,"menu_order":0,"comment_status":"closed","ping_status":"closed","template":"","meta":{"footnotes":""},"class_list":["post-376","page","type-page","status-publish","hentry"],"_links":{"self":[{"href":"https:\/\/onpp.p.lodz.pl\/index.php?rest_route=\/wp\/v2\/pages\/376","targetHints":{"allow":["GET"]}}],"collection":[{"href":"https:\/\/onpp.p.lodz.pl\/index.php?rest_route=\/wp\/v2\/pages"}],"about":[{"href":"https:\/\/onpp.p.lodz.pl\/index.php?rest_route=\/wp\/v2\/types\/page"}],"author":[{"embeddable":true,"href":"https:\/\/onpp.p.lodz.pl\/index.php?rest_route=\/wp\/v2\/users\/1"}],"replies":[{"embeddable":true,"href":"https:\/\/onpp.p.lodz.pl\/index.php?rest_route=%2Fwp%2Fv2%2Fcomments&post=376"}],"version-history":[{"count":19,"href":"https:\/\/onpp.p.lodz.pl\/index.php?rest_route=\/wp\/v2\/pages\/376\/revisions"}],"predecessor-version":[{"id":3711,"href":"https:\/\/onpp.p.lodz.pl\/index.php?rest_route=\/wp\/v2\/pages\/376\/revisions\/3711"}],"up":[{"embeddable":true,"href":"https:\/\/onpp.p.lodz.pl\/index.php?rest_route=\/wp\/v2\/pages\/357"}],"wp:attachment":[{"href":"https:\/\/onpp.p.lodz.pl\/index.php?rest_route=%2Fwp%2Fv2%2Fmedia&parent=376"}],"curies":[{"name":"wp","href":"https:\/\/api.w.org\/{rel}","templated":true}]}}