{"id":664,"date":"2023-04-25T13:29:49","date_gmt":"2023-04-25T11:29:49","guid":{"rendered":"https:\/\/1kbsw.p.lodz.pl\/?page_id=664"},"modified":"2023-10-10T16:59:08","modified_gmt":"2023-10-10T14:59:08","slug":"program-i-kongresu-bibliotek-szkol-wyzszych","status":"publish","type":"page","link":"https:\/\/onpp.p.lodz.pl\/?page_id=664","title":{"rendered":"Program Seminarium"},"content":{"rendered":"\n<h2 class=\"wp-block-heading\"><strong>Dzie\u0144 pierwszy<\/strong><\/h2>\n\n\n\n<h3 class=\"wp-block-heading\">Obrady plenarne odbywaj\u0105 si\u0119 w Centrum Szkoleniowo-Konferencyjnym U\u0141 w \u0141odzi, ul. Kopci\u0144skiego 16\/18&nbsp;<\/h3>\n\n\n\n<p class=\"has-vivid-red-color has-text-color\"><strong>UWAGA:&nbsp;<\/strong><\/p>\n\n\n\n<p class=\"has-vivid-red-color has-text-color\"><strong>Uczestnicy Seminarium bior\u0105cy udzia\u0142 pierwszego dnia w warsztatach proszeni s\u0105 o dokonywanie rejestracji na Seminarium w lokalizacji, w kt\u00f3rej odbywaj\u0105 si\u0119 zaj\u0119cia warsztatowe (zale\u017cnie od warsztatu, na kt\u00f3ry zakwalifikowa\u0142 si\u0119 Uczestnik &#8211; Biblioteka Uniwersytetu \u0141\u00f3dzkiego lub Centrum Informacyjno-Biblioteczne Uniwersytetu Medycznego w&nbsp;\u0141odzi), w godz. 8:30-9:00.<\/strong><\/p>\n\n\n\n<p class=\"has-vivid-red-color has-text-color\"><strong>Osoby nieuczestnicz\u0105ce pierwszego dnia w warsztatach proszone s\u0105 o rejestracj\u0119 na Seminarium w&nbsp;Centrum Szkoleniowo-Konferencyjnym U\u0141, od godz. 8:30.<\/strong><\/p>\n\n\n\n<h4 class=\"wp-block-heading\"><strong>10 pa\u017adziernika 2023 r. (wtorek)<\/strong><\/h4>\n\n\n\n<div class=\"wp-block-columns is-not-stacked-on-mobile is-layout-flex wp-container-core-columns-is-layout-9d6595d7 wp-block-columns-is-layout-flex\">\n<div class=\"wp-block-column is-layout-flow wp-block-column-is-layout-flow\" style=\"flex-basis:15%\">\n<p>8:30-11:30<\/p>\n<\/div>\n\n\n\n<div class=\"wp-block-column is-layout-flow wp-block-column-is-layout-flow\" style=\"flex-basis:75%\">\n<p>Rejestracja \/ bufet kawowy<\/p>\n<\/div>\n<\/div>\n\n\n\n<div class=\"wp-block-columns is-not-stacked-on-mobile is-layout-flex wp-container-core-columns-is-layout-9d6595d7 wp-block-columns-is-layout-flex\">\n<div class=\"wp-block-column is-layout-flow wp-block-column-is-layout-flow\" style=\"flex-basis:15%\">\n<p>9:00-11:00<\/p>\n<\/div>\n\n\n\n<div class=\"wp-block-column is-layout-flow wp-block-column-is-layout-flow\" style=\"flex-basis:75%\">\n<p>Warsztaty<\/p>\n<\/div>\n<\/div>\n\n\n\n<p><strong>SESJA 1 &#8211; Open Access i modele publikacyjne<\/strong><\/p>\n\n\n\n<p>Moderator: <strong>Witold Kozakiewicz<\/strong> \u2013 dyrektor Centrum Informacyjno-Bibliotecznego Uniwersytetu Medycznego w \u0141odzi<\/p>\n\n\n\n<div class=\"wp-block-columns is-not-stacked-on-mobile is-layout-flex wp-container-core-columns-is-layout-9d6595d7 wp-block-columns-is-layout-flex\">\n<div class=\"wp-block-column is-layout-flow wp-block-column-is-layout-flow\" style=\"flex-basis:15%\">\n<p>11:30-11:40<\/p>\n<\/div>\n\n\n\n<div class=\"wp-block-column is-layout-flow wp-block-column-is-layout-flow\" style=\"flex-basis:75%\">\n<p>Otwarcie Seminarium: Prorektor ds. nauki U\u0141 \u2013 dr hab. \u0141ukasz Korporowicz, prof. U\u0141; Przewodnicz\u0105cy KRASP \u2013 prof. dr hab. in\u017c. Arkadiusz M\u0119\u017cyk, Rektor Politechniki \u015al\u0105skiej;&nbsp;Dyrektor Regionalny na Europ\u0119 \u015arodkowo-Wschodni\u0105, Elsevier &#8211;&nbsp;Tomasz Psonka<\/p>\n<\/div>\n<\/div>\n\n\n\n<div class=\"wp-block-columns is-not-stacked-on-mobile is-layout-flex wp-container-core-columns-is-layout-9d6595d7 wp-block-columns-is-layout-flex\">\n<div class=\"wp-block-column is-layout-flow wp-block-column-is-layout-flow\" style=\"flex-basis:15%\">\n<p>11:40-12:00<\/p>\n<\/div>\n\n\n\n<div class=\"wp-block-column is-layout-flow wp-block-column-is-layout-flow\" style=\"flex-basis:75%\">\n<p><strong>Reconnecting the dots \u2013 on the past, present and future of the scholarly communication ecosystem<\/strong>, by Professor of Scholarly Communication, Dr Charlotte Wien, Elsevier<\/p>\n<\/div>\n<\/div>\n\n\n\n<div class=\"wp-block-columns is-not-stacked-on-mobile is-layout-flex wp-container-core-columns-is-layout-9d6595d7 wp-block-columns-is-layout-flex\">\n<div class=\"wp-block-column is-layout-flow wp-block-column-is-layout-flow\" style=\"flex-basis:15%\">\n<p>12:00-12:30<\/p>\n<\/div>\n\n\n\n<div class=\"wp-block-column is-layout-flow wp-block-column-is-layout-flow\" style=\"flex-basis:75%\">\n<p><strong>Infrastruktury Otwartej Nauki czasu transformacji systemu akademickiego &#8211;&nbsp;<\/strong>prof. dr hab. Marek Niezg\u00f3dka<\/p>\n<\/div>\n<\/div>\n\n\n\n<div class=\"wp-block-columns is-not-stacked-on-mobile is-layout-flex wp-container-core-columns-is-layout-9d6595d7 wp-block-columns-is-layout-flex\">\n<div class=\"wp-block-column is-layout-flow wp-block-column-is-layout-flow\" style=\"flex-basis:15%\">\n<p>12:30-12:50<\/p>\n<\/div>\n\n\n\n<div class=\"wp-block-column is-layout-flow wp-block-column-is-layout-flow\" style=\"flex-basis:75%\">\n<p><strong>Open Access w Polsce \u2013 <\/strong>Paulina Milewska, Tomasz Psonka, Elsevier<\/p>\n<\/div>\n<\/div>\n\n\n\n<div class=\"wp-block-columns is-not-stacked-on-mobile is-layout-flex wp-container-core-columns-is-layout-9d6595d7 wp-block-columns-is-layout-flex\">\n<div class=\"wp-block-column is-layout-flow wp-block-column-is-layout-flow\" style=\"flex-basis:15%\">\n<p>12:50-13:10<\/p>\n<\/div>\n\n\n\n<div class=\"wp-block-column is-layout-flow wp-block-column-is-layout-flow\" style=\"flex-basis:75%\">\n<p><strong>Otwarto\u015b\u0107 nauki z perspektywy badacza<\/strong>, dr hab. Ewa Gruszewska, prof. UwB,&nbsp;Uniwersytet w Bia\u0142ymstoku<\/p>\n<\/div>\n<\/div>\n\n\n\n<div class=\"wp-block-columns is-not-stacked-on-mobile is-layout-flex wp-container-core-columns-is-layout-9d6595d7 wp-block-columns-is-layout-flex\">\n<div class=\"wp-block-column is-layout-flow wp-block-column-is-layout-flow\" style=\"flex-basis:15%\">\n<p>13:10-13:30<\/p>\n<\/div>\n\n\n\n<div class=\"wp-block-column is-layout-flow wp-block-column-is-layout-flow\" style=\"flex-basis:75%\">\n<p>Wyst\u0105pienia trzyminutowe oraz dyskusja<\/p>\n\n\n\n<p><strong>Czy nauka mo\u017ce by\u0107 otwarta dla wszystkich? Organizacja wydarze\u0144 w open access wobec wyklucze\u0144 i niepe\u0142nosprawno\u015bci<\/strong> \u2013 Kinga Kami\u0144ska (O\u015brodek Badawczy Facta Ficta); <strong>Otwarte czy zamkni\u0119te? Przypadek polskich czasopism z bibliotekoznawstwa i informacji naukowej<\/strong> \u2013 Joanna B\u0142asiok (Politechnika Gda\u0144ska); <strong>Skuteczne praktyki pracy z autorem w modelu open access \u2013 Joanna Bro\u0144ka<\/strong> (O\u015brodek Badawczy Facta Ficta); <strong>Biblioteka Uniwersytecka w Toruniu uczestnikiem projektu EODOPEN &#8211; do\u015bwiadczenia upowszechniania otwartego dost\u0119pu do zbior\u00f3w&nbsp;<\/strong>\u2013 Kamila Perlik (Biblioteka Uniwersytecka, Uniwersytet Miko\u0142aja Kopernika w Toruniu)<\/p>\n<\/div>\n<\/div>\n\n\n\n<div class=\"wp-block-columns is-not-stacked-on-mobile is-layout-flex wp-container-core-columns-is-layout-9d6595d7 wp-block-columns-is-layout-flex\">\n<div class=\"wp-block-column is-layout-flow wp-block-column-is-layout-flow\" style=\"flex-basis:15%\">\n<p>13:30-14:30<\/p>\n<\/div>\n\n\n\n<div class=\"wp-block-column is-layout-flow wp-block-column-is-layout-flow\" style=\"flex-basis:75%\">\n<p>Lunch<\/p>\n<\/div>\n<\/div>\n\n\n\n<p><strong>SESJA 2 &#8211; Open Research Data<\/strong><\/p>\n\n\n\n<p>Moderator: <strong>Tomasz Piestrzy\u0144ski<\/strong> \u2013 dyrektor Biblioteki Uniwersytetu \u0141\u00f3dzkiego<\/p>\n\n\n\n<div class=\"wp-block-columns is-not-stacked-on-mobile is-layout-flex wp-container-core-columns-is-layout-9d6595d7 wp-block-columns-is-layout-flex\">\n<div class=\"wp-block-column is-layout-flow wp-block-column-is-layout-flow\" style=\"flex-basis:15%\">\n<p>14:30-14:50<\/p>\n<\/div>\n\n\n\n<div class=\"wp-block-column is-layout-flow wp-block-column-is-layout-flow\" style=\"flex-basis:75%\">\n<p><strong>Zmieniaj\u0105c krajobraz nauki: implementacja polityki otwartego dost\u0119pu na Uniwersytecie \u015al\u0105skim<\/strong> &#8211; dr Maciej Bisaga, Uniwersytet \u015al\u0105ski<\/p>\n<\/div>\n<\/div>\n\n\n\n<div class=\"wp-block-columns is-not-stacked-on-mobile is-layout-flex wp-container-core-columns-is-layout-9d6595d7 wp-block-columns-is-layout-flex\">\n<div class=\"wp-block-column is-layout-flow wp-block-column-is-layout-flow\" style=\"flex-basis:15%\">\n<p>14:50-15:10<\/p>\n<\/div>\n\n\n\n<div class=\"wp-block-column is-layout-flow wp-block-column-is-layout-flow\" style=\"flex-basis:75%\">\n<p><strong>OPERAS-PL: innowacja, dost\u0119p i wsp\u00f3\u0142praca dla otwartych nauk spo\u0142ecznych i humanistycznych<\/strong> \u2013 dr Maciej Maryl, Centrum Humanistyki Cyfrowej IBL PAN<\/p>\n<\/div>\n<\/div>\n\n\n\n<div class=\"wp-block-columns is-layout-flex wp-container-core-columns-is-layout-9d6595d7 wp-block-columns-is-layout-flex\">\n<div class=\"wp-block-column is-layout-flow wp-block-column-is-layout-flow\" style=\"flex-basis:15%\">\n<p>15:10-15:30<\/p>\n<\/div>\n\n\n\n<div class=\"wp-block-column is-layout-flow wp-block-column-is-layout-flow\" style=\"flex-basis:75%\">\n<p><strong>Potencja\u0142 otwartych danych badawczych<\/strong> \u2013 Katarzyna Patyrak, Bart\u0142omiej Wi\u0119ckowski, Elsevier<\/p>\n<\/div>\n<\/div>\n\n\n\n<div class=\"wp-block-columns is-not-stacked-on-mobile is-layout-flex wp-container-core-columns-is-layout-9d6595d7 wp-block-columns-is-layout-flex\">\n<div class=\"wp-block-column is-layout-flow wp-block-column-is-layout-flow\" style=\"flex-basis:15%\">\n<p>15:30-16:00<\/p>\n<\/div>\n\n\n\n<div class=\"wp-block-column is-layout-flow wp-block-column-is-layout-flow\" style=\"flex-basis:75%\">\n<p>Wyst\u0105pienia trzyminutowe oraz dyskusja<\/p>\n\n\n\n<p><strong>Ambasadorzy otwartej nauki<\/strong> \u2013 Dominika Czy\u017cak (Biblioteka Uniwersytecka, Uniwersytet Miko\u0142aja Kopernika w Toruniu); <strong>Czy sztuczna inteligencja zast\u0105pi data steward\u00f3w?<\/strong> \u2013 Agnieszka Wasilewska (Biblioteka Uniwersytetu Gda\u0144skiego); <strong>Oddajcie mi moje dane! Czyli mi\u0119dzy teori\u0105 a praktyk\u0105 otwierania danych<\/strong> \u2013 Maria Kuczkowska (Uniwersytet im. Adama Mickiewicza w Poznaniu); <strong><strong><strong>ReadMe or not ReadMe \u2013 that is the question<\/strong><\/strong><\/strong> \u2013 Zbigniew Ruszczyk (Biblioteka Uniwersytetu Gda\u0144skiego); <strong>Zarz\u0105dzanie danymi badawczymi na Polskiej Platformie Medycznej Uniwersytetu Medycznego we Wroc\u0142awiu<\/strong> \u2013 Justyna Zawada (Uniwersytet Medyczny im. Piast\u00f3w \u015al\u0105skich we Wroc\u0142awiu)<\/p>\n<\/div>\n<\/div>\n\n\n\n<div class=\"wp-block-columns is-not-stacked-on-mobile is-layout-flex wp-container-core-columns-is-layout-9d6595d7 wp-block-columns-is-layout-flex\">\n<div class=\"wp-block-column is-layout-flow wp-block-column-is-layout-flow\" style=\"flex-basis:15%\">\n<p>17:30-19:00<\/p>\n<\/div>\n\n\n\n<div class=\"wp-block-column is-layout-flow wp-block-column-is-layout-flow\" style=\"flex-basis:75%\">\n<p>Atrakcje kulturalno-naukowe<\/p>\n<\/div>\n<\/div>\n\n\n\n<div class=\"wp-block-columns is-not-stacked-on-mobile is-layout-flex wp-container-core-columns-is-layout-9d6595d7 wp-block-columns-is-layout-flex\">\n<div class=\"wp-block-column is-layout-flow wp-block-column-is-layout-flow\" style=\"flex-basis:15%\">\n<p>19:00-22:00<\/p>\n<\/div>\n\n\n\n<div class=\"wp-block-column is-layout-flow wp-block-column-is-layout-flow\" style=\"flex-basis:75%\">\n<p>Kolacja<\/p>\n<\/div>\n<\/div>\n\n\n\n<h2 class=\"wp-block-heading\"><strong>Dzie\u0144 drugi<\/strong><\/h2>\n\n\n\n<h3 class=\"wp-block-heading\">Obrady plenarne odbywaj\u0105 si\u0119 w Centrum Szkoleniowo-Konferencyjnym U\u0141 w \u0141odzi, ul. Kopci\u0144skiego 16\/18&nbsp;<\/h3>\n\n\n\n<p><strong>11 pa\u017adziernika 2023 r. (\u015broda)<\/strong><\/p>\n\n\n\n<p><strong>SESJA 3 &#8211; Polityki instytucjonalne<\/strong><\/p>\n\n\n\n<p>Moderator: <strong>dr in\u017c. Adam Lenic<\/strong> \u2013 p.o. dyrektora Biblioteki Politechniki \u0141\u00f3dzkiej<\/p>\n\n\n\n<div class=\"wp-block-columns is-not-stacked-on-mobile is-layout-flex wp-container-core-columns-is-layout-9d6595d7 wp-block-columns-is-layout-flex\">\n<div class=\"wp-block-column is-layout-flow wp-block-column-is-layout-flow\" style=\"flex-basis:15%\">\n<p>09:30-09:50<\/p>\n<\/div>\n\n\n\n<div class=\"wp-block-column is-layout-flow wp-block-column-is-layout-flow\" style=\"flex-basis:75%\">\n<p>Wyst\u0105pienia trzyminutowe<\/p>\n\n\n\n<p><strong>Open access w Politechnice \u015al\u0105skiej<\/strong> \u2013 dr hab. Fr\u0105czek Renata (Politechnika \u015al\u0105ska); <strong>Gdzie ko\u0144cz\u0105 si\u0119 dzia\u0142ania pozorowane a zaczyna prawdziwa polityka otwartego dost\u0119pu? Wybrane przyk\u0142ady<\/strong> \u2013 Grzegorz Szczypa (Biblioteka G\u0142\u00f3wna Uniwersytetu Marii Curie-Sk\u0142odowskiej); <strong>Ma\u0142a uczelnia &#8211; du\u017ce problemy. Bariery psychologiczne i technologiczne w rejestracji dorobku publikacyjnego w &#8222;m\u0142odych&#8221; uniwersytetach<\/strong> \u2013 dr Ma\u0142gorzata Ba\u0144kowska (Akademia Kaliska im. Prezydenta Stanis\u0142awa Wojciechowskiego); <strong>Remake czy upgrade? Zmiany w polityce otwarto\u015bci na Politechnice Lubelskiej<\/strong> \u2013 Monika Szarama (Politechnika Lubelska); <strong>Jak otwieramy nauk\u0119 na UEW<\/strong> \u2013 Barbara Grzelczak (Uniwersytet Ekonomiczny we Wroc\u0142awiu)<\/p>\n<\/div>\n<\/div>\n\n\n\n<div class=\"wp-block-columns is-not-stacked-on-mobile is-layout-flex wp-container-core-columns-is-layout-9d6595d7 wp-block-columns-is-layout-flex\">\n<div class=\"wp-block-column is-layout-flow wp-block-column-is-layout-flow\" style=\"flex-basis:15%\">\n<p>09:50-10:10<\/p>\n<\/div>\n\n\n\n<div class=\"wp-block-column is-layout-flow wp-block-column-is-layout-flow\" style=\"flex-basis:75%\">\n<p><strong>Instytucjonalne polityki otwarto\u015bci&nbsp;i ich wp\u0142yw&nbsp;na praktyk\u0119&nbsp;otwierania nauki&nbsp;w polskich uczelniach publicznych<\/strong>&nbsp;&#8211; dr Agnieszka Adamiec (Szko\u0142a G\u0142\u00f3wna Gospodarstwa Wiejskiego w Warszawie)<\/p>\n<\/div>\n<\/div>\n\n\n\n<div class=\"wp-block-columns is-not-stacked-on-mobile is-layout-flex wp-container-core-columns-is-layout-9d6595d7 wp-block-columns-is-layout-flex\">\n<div class=\"wp-block-column is-layout-flow wp-block-column-is-layout-flow\" style=\"flex-basis:15%\">\n<p>10:10-11:10<\/p>\n<\/div>\n\n\n\n<div class=\"wp-block-column is-layout-flow wp-block-column-is-layout-flow\" style=\"flex-basis:75%\">\n<p class=\"has-text-align-left\"><strong>Dyskusja panelowa &#8222;Budowanie polityki publikacyjnej uczelni&#8221;<\/strong><\/p>\n\n\n\n<p>Prowadz\u0105ca: Katarzyna Patyrak<\/p>\n\n\n\n<p><strong>Zaproszeni go\u015bcie:&nbsp;<\/strong>prof. dr hab. n. med. Lucyna Wo\u017aniak (Prorektor ds. rozwoju nauki i wsp\u00f3\u0142pracy mi\u0119dzynarodowej UM w \u0141odzi), prof. dr hab. in\u017c. \u0141ukasz Albrecht (Prorektor ds. nauki P\u0141), dr hab. \u0141ukasz Korporowicz, prof. U\u0141 (Prorektor ds. nauki U\u0141), prof. dr hab. Jaros\u0142aw P\u0142uciennik (Redaktor naczelny czasopisma naukowego \u201eZagadnienia Rodzaj\u00f3w Literackich\u201d, U\u0141), dr J\u0119drzej Le\u015bniewski (Dyrektor Biblioteki Politechniki Wroc\u0142awskiej), Beata Klyta (Dyrektor Wydawnictwa U\u015a).<\/p>\n<\/div>\n<\/div>\n\n\n\n<div class=\"wp-block-columns is-not-stacked-on-mobile is-layout-flex wp-container-core-columns-is-layout-9d6595d7 wp-block-columns-is-layout-flex\">\n<div class=\"wp-block-column is-layout-flow wp-block-column-is-layout-flow\" style=\"flex-basis:15%\">\n<p>11:10-11:40<\/p>\n<\/div>\n\n\n\n<div class=\"wp-block-column is-layout-flow wp-block-column-is-layout-flow\" style=\"flex-basis:75%\">\n<p>Przerwa kawowa<\/p>\n<\/div>\n<\/div>\n\n\n\n<p><strong>SESJA 4 &#8211; Warto\u015b\u0107 Open Science<\/strong><\/p>\n\n\n\n<p>Moderator: <strong>Tomasz Psonka<\/strong>, Elsevier<\/p>\n\n\n\n<div class=\"wp-block-columns is-not-stacked-on-mobile is-layout-flex wp-container-core-columns-is-layout-9d6595d7 wp-block-columns-is-layout-flex\">\n<div class=\"wp-block-column is-layout-flow wp-block-column-is-layout-flow\" style=\"flex-basis:15%\">\n<p>11:40-12:30<\/p>\n<\/div>\n\n\n\n<div class=\"wp-block-column is-layout-flow wp-block-column-is-layout-flow\" style=\"flex-basis:75%\">\n<p><strong>Dyskusja panelowa&nbsp;&#8222;Jak Erasmus+ wspiera badania naukowe i otwieranie nauki&#8221;<\/strong><\/p>\n\n\n\n<p>Zaproszeni go\u015bcie:\u00a0Tomasz Psonka (Dyrektor Regionalny na Europ\u0119 \u015arodkowo-Wschodni\u0105, Elsevier),\u00a0Bartosz Stawiarz (Dyrektor Biura ds. wsp\u00f3\u0142pracy z regionami i Biura ds. Erasmus+ Sport, Fundacja Rozwoju Systemu Edukacji),\u00a0Krzysztof Szwa\u0142ek (Dyrektor Biura Bada\u0144 i Wydawnictw, Fundacja Rozwoju Systemu Edukacji), dr in\u017c. Dorota Piotrowska( prof. P\u0141, Politechnika \u0141\u00f3dzka), dr hab. Tomasz Kami\u0144ski, prof. U\u0141 (Uniwersytet \u0141\u00f3dzki,\u00a0Fundacja Rozwoju Systemu Edukacji)<\/p>\n<\/div>\n<\/div>\n\n\n\n<div class=\"wp-block-columns is-not-stacked-on-mobile is-layout-flex wp-container-core-columns-is-layout-9d6595d7 wp-block-columns-is-layout-flex\">\n<div class=\"wp-block-column is-layout-flow wp-block-column-is-layout-flow\" style=\"flex-basis:15%\">\n<p>12:30-12:50<\/p>\n<\/div>\n\n\n\n<div class=\"wp-block-column is-layout-flow wp-block-column-is-layout-flow\" style=\"flex-basis:75%\">\n<p><strong>Citizen Science: prawdziwa nauka dla ka\u017cdego<\/strong> &#8211;&nbsp;dr Pawe\u0142 Barczy\u0144ski, EC1 \u0141\u00f3d\u017a \u2013 Miasto Kultury<\/p>\n<\/div>\n<\/div>\n\n\n\n<div class=\"wp-block-columns is-not-stacked-on-mobile is-layout-flex wp-container-core-columns-is-layout-9d6595d7 wp-block-columns-is-layout-flex\">\n<div class=\"wp-block-column is-layout-flow wp-block-column-is-layout-flow\" style=\"flex-basis:15%\">\n<p>12:50-13:20<\/p>\n<\/div>\n\n\n\n<div class=\"wp-block-column is-layout-flow wp-block-column-is-layout-flow\" style=\"flex-basis:75%\">\n<p><strong>Dyskusja panelowa \u201eUpowszechnianie nauki i techniki w\u015br\u00f3d zr\u00f3\u017cnicowanych wiekowo odbiorc\u00f3w &#8211; wk\u0142ad w budowanie \u015bwiadomego spo\u0142ecze\u0144stwa\u201d<\/strong><\/p>\n\n\n\n<p>Prowadz\u0105ca: dr Karolina Mirowska. Zaproszeni go\u015bcie: dr Anna Kowalcze-Pawlik, Marek Pisarski, Anna Janicka<\/p>\n<\/div>\n<\/div>\n\n\n\n<div class=\"wp-block-columns is-not-stacked-on-mobile is-layout-flex wp-container-core-columns-is-layout-9d6595d7 wp-block-columns-is-layout-flex\">\n<div class=\"wp-block-column is-layout-flow wp-block-column-is-layout-flow\" style=\"flex-basis:15%\">\n<p>13:20-13:30<\/p>\n<\/div>\n\n\n\n<div class=\"wp-block-column is-layout-flow wp-block-column-is-layout-flow\" style=\"flex-basis:75%\">\n<p>Zamkni\u0119cie Seminarium<\/p>\n<\/div>\n<\/div>\n\n\n\n<div class=\"wp-block-columns is-not-stacked-on-mobile is-layout-flex wp-container-core-columns-is-layout-9d6595d7 wp-block-columns-is-layout-flex\">\n<div class=\"wp-block-column is-layout-flow wp-block-column-is-layout-flow\" style=\"flex-basis:15%\">\n<p>13:30-14:30<\/p>\n<\/div>\n\n\n\n<div class=\"wp-block-column is-layout-flow wp-block-column-is-layout-flow\" style=\"flex-basis:75%\">\n<p>Lunch<\/p>\n<\/div>\n<\/div>\n\n\n\n<div class=\"wp-block-columns is-not-stacked-on-mobile is-layout-flex wp-container-core-columns-is-layout-9d6595d7 wp-block-columns-is-layout-flex\">\n<div class=\"wp-block-column is-layout-flow wp-block-column-is-layout-flow\" style=\"flex-basis:15%\">\n<p>14:30-16:30<\/p>\n<\/div>\n\n\n\n<div class=\"wp-block-column is-layout-flow wp-block-column-is-layout-flow\" style=\"flex-basis:75%\">\n<p>Warsztaty<\/p>\n<\/div>\n<\/div>\n","protected":false},"excerpt":{"rendered":"<p>\t\t\t\t<![CDATA[]]>\t\t<\/p>\n","protected":false},"author":1,"featured_media":0,"parent":357,"menu_order":0,"comment_status":"closed","ping_status":"closed","template":"","meta":{"footnotes":""},"class_list":["post-664","page","type-page","status-publish","hentry"],"_links":{"self":[{"href":"https:\/\/onpp.p.lodz.pl\/index.php?rest_route=\/wp\/v2\/pages\/664","targetHints":{"allow":["GET"]}}],"collection":[{"href":"https:\/\/onpp.p.lodz.pl\/index.php?rest_route=\/wp\/v2\/pages"}],"about":[{"href":"https:\/\/onpp.p.lodz.pl\/index.php?rest_route=\/wp\/v2\/types\/page"}],"author":[{"embeddable":true,"href":"https:\/\/onpp.p.lodz.pl\/index.php?rest_route=\/wp\/v2\/users\/1"}],"replies":[{"embeddable":true,"href":"https:\/\/onpp.p.lodz.pl\/index.php?rest_route=%2Fwp%2Fv2%2Fcomments&post=664"}],"version-history":[{"count":295,"href":"https:\/\/onpp.p.lodz.pl\/index.php?rest_route=\/wp\/v2\/pages\/664\/revisions"}],"predecessor-version":[{"id":3958,"href":"https:\/\/onpp.p.lodz.pl\/index.php?rest_route=\/wp\/v2\/pages\/664\/revisions\/3958"}],"up":[{"embeddable":true,"href":"https:\/\/onpp.p.lodz.pl\/index.php?rest_route=\/wp\/v2\/pages\/357"}],"wp:attachment":[{"href":"https:\/\/onpp.p.lodz.pl\/index.php?rest_route=%2Fwp%2Fv2%2Fmedia&parent=664"}],"curies":[{"name":"wp","href":"https:\/\/api.w.org\/{rel}","templated":true}]}}