{"id":688,"date":"2018-10-22T12:33:43","date_gmt":"2018-10-22T10:33:43","guid":{"rendered":"https:\/\/1kbsw.p.lodz.pl\/?page_id=688"},"modified":"2023-06-14T14:34:39","modified_gmt":"2023-06-14T12:34:39","slug":"komitet-organizacyjny","status":"publish","type":"page","link":"https:\/\/onpp.p.lodz.pl\/?page_id=688","title":{"rendered":"Komitet organizacyjny"},"content":{"rendered":"\n<p>Aleksandra Brzozowska &#8211; Biblioteka Uniwersytetu \u0141\u00f3dzkiego<br>Agnieszka Ciszewska-Kleci\u0144ska &#8211; Centrum Informacyjno-Biblioteczne Uniwersytetu Medycznego w \u0141odzi<br>Marta Go\u0142uchowska &#8211; Biblioteka Uniwersytetu \u0141\u00f3dzkiego<br>Agnieszka Goszczy\u0144ska &#8211; Centrum Informacyjno-Biblioteczne Uniwersytetu Medycznego w \u0141odzi<br>Witold Kozakiewicz &#8211; Centrum Informacyjno-Biblioteczne Uniwersytetu Medycznego w \u0141odzi<br>\u0141ukasz Krawczy\u0144ski &#8211; Biblioteka Uniwersytetu \u0141\u00f3dzkiego<br>dr in\u017c. Adam Lenic &#8211; Biblioteka Politechniki \u0141\u00f3dzkiej<br>Katarzyna Miko\u0142ajczyk &#8211; Biblioteka Uniwersytetu \u0141\u00f3dzkiego<br>Lidia Miko\u0142ajuk &#8211; Biblioteka Uniwersytetu \u0141\u00f3dzkiego<br>Paulina Milewska \u2013 Elsevier<br>Tomasz Piestrzy\u0144ski &#8211; Biblioteka Uniwersytetu \u0141\u00f3dzkiego<br>Tomasz Psonka &#8211; Elsevier<br>Agnieszka Sobolewska &#8211; Biblioteka Politechniki \u0141\u00f3dzkiej<br>dr Iwona S\u00f3jkowska &#8211; Biblioteka Politechniki \u0141\u00f3dzkiej<br>dr Anna Zatora &#8211; Biblioteka Uniwersytetu \u0141\u00f3dzkiego<\/p>\n","protected":false},"excerpt":{"rendered":"<p>\t\t\t\t<![CDATA[]]>\t\t<\/p>\n","protected":false},"author":1,"featured_media":0,"parent":357,"menu_order":0,"comment_status":"closed","ping_status":"closed","template":"","meta":{"footnotes":""},"class_list":["post-688","page","type-page","status-publish","hentry"],"_links":{"self":[{"href":"https:\/\/onpp.p.lodz.pl\/index.php?rest_route=\/wp\/v2\/pages\/688","targetHints":{"allow":["GET"]}}],"collection":[{"href":"https:\/\/onpp.p.lodz.pl\/index.php?rest_route=\/wp\/v2\/pages"}],"about":[{"href":"https:\/\/onpp.p.lodz.pl\/index.php?rest_route=\/wp\/v2\/types\/page"}],"author":[{"embeddable":true,"href":"https:\/\/onpp.p.lodz.pl\/index.php?rest_route=\/wp\/v2\/users\/1"}],"replies":[{"embeddable":true,"href":"https:\/\/onpp.p.lodz.pl\/index.php?rest_route=%2Fwp%2Fv2%2Fcomments&post=688"}],"version-history":[{"count":15,"href":"https:\/\/onpp.p.lodz.pl\/index.php?rest_route=\/wp\/v2\/pages\/688\/revisions"}],"predecessor-version":[{"id":3493,"href":"https:\/\/onpp.p.lodz.pl\/index.php?rest_route=\/wp\/v2\/pages\/688\/revisions\/3493"}],"up":[{"embeddable":true,"href":"https:\/\/onpp.p.lodz.pl\/index.php?rest_route=\/wp\/v2\/pages\/357"}],"wp:attachment":[{"href":"https:\/\/onpp.p.lodz.pl\/index.php?rest_route=%2Fwp%2Fv2%2Fmedia&parent=688"}],"curies":[{"name":"wp","href":"https:\/\/api.w.org\/{rel}","templated":true}]}}